{"id":61,"date":"2020-03-30T21:33:50","date_gmt":"2020-03-30T19:33:50","guid":{"rendered":"http:\/\/ny.karnasen.nu\/?page_id=61"},"modified":"2025-08-21T08:48:05","modified_gmt":"2025-08-21T06:48:05","slug":"hembygdsgarden-karnasen","status":"publish","type":"page","link":"https:\/\/karnasen.nu\/","title":{"rendered":"Hembygdsg\u00e5rden K\u00e4rn\u00e5sen"},"content":{"rendered":"<h2><strong>V\u00e4lkommen till K\u00e4rn\u00e5sen!<\/strong><\/h2>\n<p>En hembygdsg\u00e5rd d\u00e4r natur, historia och kultur m\u00f6ts. Vandra bland gamla stugor, se \u00a0bruksf\u00f6rem\u00e5l fr\u00e5n f\u00f6rr och f\u00e5 en glimt av vardagslivet i V\u00e4rmland genom tiderna.<\/p>\n<p><img loading=\"lazy\" decoding=\"async\" class=\"alignnone  wp-image-643\" src=\"https:\/\/karnasen.nu\/wp-content\/uploads\/2025\/08\/Namnlos-design-5-1-300x169.png\" alt=\"\" width=\"564\" height=\"318\" srcset=\"https:\/\/karnasen.nu\/wp-content\/uploads\/2025\/08\/Namnlos-design-5-1-300x169.png 300w, https:\/\/karnasen.nu\/wp-content\/uploads\/2025\/08\/Namnlos-design-5-1-1024x576.png 1024w, https:\/\/karnasen.nu\/wp-content\/uploads\/2025\/08\/Namnlos-design-5-1-768x432.png 768w, https:\/\/karnasen.nu\/wp-content\/uploads\/2025\/08\/Namnlos-design-5-1-1536x864.png 1536w, https:\/\/karnasen.nu\/wp-content\/uploads\/2025\/08\/Namnlos-design-5-1-624x351.png 624w, https:\/\/karnasen.nu\/wp-content\/uploads\/2025\/08\/Namnlos-design-5-1.png 1920w\" sizes=\"auto, (max-width: 564px) 100vw, 564px\" \/><\/p>\n","protected":false},"excerpt":{"rendered":"<p>V\u00e4lkommen till K\u00e4rn\u00e5sen! En hembygdsg\u00e5rd d\u00e4r natur, historia och kultur m\u00f6ts. Vandra bland gamla stugor, se \u00a0bruksf\u00f6rem\u00e5l fr\u00e5n f\u00f6rr och f\u00e5 en glimt av vardagslivet i V\u00e4rmland genom tiderna.<\/p>\n","protected":false},"author":1,"featured_media":0,"parent":0,"menu_order":0,"comment_status":"closed","ping_status":"closed","template":"","meta":{"footnotes":""},"class_list":["post-61","page","type-page","status-publish","hentry"],"_links":{"self":[{"href":"https:\/\/karnasen.nu\/index.php?rest_route=\/wp\/v2\/pages\/61","targetHints":{"allow":["GET"]}}],"collection":[{"href":"https:\/\/karnasen.nu\/index.php?rest_route=\/wp\/v2\/pages"}],"about":[{"href":"https:\/\/karnasen.nu\/index.php?rest_route=\/wp\/v2\/types\/page"}],"author":[{"embeddable":true,"href":"https:\/\/karnasen.nu\/index.php?rest_route=\/wp\/v2\/users\/1"}],"replies":[{"embeddable":true,"href":"https:\/\/karnasen.nu\/index.php?rest_route=%2Fwp%2Fv2%2Fcomments&post=61"}],"version-history":[{"count":79,"href":"https:\/\/karnasen.nu\/index.php?rest_route=\/wp\/v2\/pages\/61\/revisions"}],"predecessor-version":[{"id":644,"href":"https:\/\/karnasen.nu\/index.php?rest_route=\/wp\/v2\/pages\/61\/revisions\/644"}],"wp:attachment":[{"href":"https:\/\/karnasen.nu\/index.php?rest_route=%2Fwp%2Fv2%2Fmedia&parent=61"}],"curies":[{"name":"wp","href":"https:\/\/api.w.org\/{rel}","templated":true}]}}