{"id":252,"date":"2020-04-04T22:26:14","date_gmt":"2020-04-04T20:26:14","guid":{"rendered":"http:\/\/ny.karnasen.nu\/?page_id=252"},"modified":"2020-04-04T22:56:16","modified_gmt":"2020-04-04T20:56:16","slug":"karnasens-rovdjursexpo-the-big-four-of-scandinavia","status":"publish","type":"page","link":"https:\/\/karnasen.nu\/?page_id=252","title":{"rendered":"K\u00e4rn\u00e5sens Rovdjursexpo-The Big Four of Scandinavia"},"content":{"rendered":"<p><img loading=\"lazy\" decoding=\"async\" class=\"alignnone wp-image-254 size-full\" src=\"http:\/\/media1.karnasen.nu\/2020\/04\/Varg.jpg\" alt=\"\" width=\"450\" height=\"521\" srcset=\"https:\/\/karnasen.nu\/wp-content\/uploads\/2020\/04\/Varg.jpg 450w, https:\/\/karnasen.nu\/wp-content\/uploads\/2020\/04\/Varg-259x300.jpg 259w\" sizes=\"auto, (max-width: 450px) 100vw, 450px\" \/><br \/>\n<em>Varg<\/em><\/p>\n<p><img loading=\"lazy\" decoding=\"async\" class=\"alignnone wp-image-256 size-full\" src=\"http:\/\/media1.karnasen.nu\/2020\/04\/Lo.jpg\" alt=\"\" width=\"450\" height=\"442\" srcset=\"https:\/\/karnasen.nu\/wp-content\/uploads\/2020\/04\/Lo.jpg 450w, https:\/\/karnasen.nu\/wp-content\/uploads\/2020\/04\/Lo-300x295.jpg 300w\" sizes=\"auto, (max-width: 450px) 100vw, 450px\" \/><br \/>\n<em>Lo<\/em><\/p>\n<p><img loading=\"lazy\" decoding=\"async\" class=\"alignnone wp-image-257 size-full\" src=\"http:\/\/media1.karnasen.nu\/2020\/04\/Bjorn.jpg\" alt=\"\" width=\"450\" height=\"392\" srcset=\"https:\/\/karnasen.nu\/wp-content\/uploads\/2020\/04\/Bjorn.jpg 450w, https:\/\/karnasen.nu\/wp-content\/uploads\/2020\/04\/Bjorn-300x261.jpg 300w\" sizes=\"auto, (max-width: 450px) 100vw, 450px\" \/><br \/>\n<em>Bj\u00f6rn<\/em><\/p>\n<p><img loading=\"lazy\" decoding=\"async\" class=\"alignnone wp-image-258 size-full\" src=\"http:\/\/media1.karnasen.nu\/2020\/04\/Jarv.jpg\" alt=\"\" width=\"450\" height=\"380\" srcset=\"https:\/\/karnasen.nu\/wp-content\/uploads\/2020\/04\/Jarv.jpg 450w, https:\/\/karnasen.nu\/wp-content\/uploads\/2020\/04\/Jarv-300x253.jpg 300w\" sizes=\"auto, (max-width: 450px) 100vw, 450px\" \/><br \/>\n<em>J\u00e4rv<\/em><\/p>\n<p>I <strong>K\u00e4rn\u00e5sens Rovdjursexpo<\/strong> tar vi dig n\u00e4rmare <strong>Skandinaviens fyra stora rovdjur;<br \/>\nbj\u00f6rn, varg, lo och j\u00e4rv. <\/strong>H\u00e4r finns \u00e4ven <strong>\u00e4lg, kungs\u00f6rn, orrar<\/strong> m.m.<br \/>\nDu f\u00e5r se djuren p\u00e5 n\u00e4ra h\u00e5ll och uppleva deras storlek. Ett stort antal<br \/>\nvackra djurbilder ger ocks\u00e5 en god inblick i djurens levnadsf\u00f6rh\u00e5llanden.<br \/>\nHur kan vi se vad vargen \u00e4tit och hur ser de olika rovdjurens spillning ut?<br \/>\nVilka sp\u00e5rst\u00e4mplar l\u00e4mnar de olika rovdjuren? Svaren finner du i utst\u00e4llningen.<\/p>\n","protected":false},"excerpt":{"rendered":"<p>Varg Lo Bj\u00f6rn J\u00e4rv I K\u00e4rn\u00e5sens Rovdjursexpo tar vi dig n\u00e4rmare Skandinaviens fyra stora rovdjur; bj\u00f6rn, varg, lo och j\u00e4rv. H\u00e4r finns \u00e4ven \u00e4lg, kungs\u00f6rn, orrar m.m. Du f\u00e5r se djuren p\u00e5 n\u00e4ra h\u00e5ll och uppleva deras storlek. Ett stort antal vackra djurbilder ger ocks\u00e5 en god inblick i djurens levnadsf\u00f6rh\u00e5llanden. Hur kan vi se [&hellip;]<\/p>\n","protected":false},"author":1,"featured_media":0,"parent":0,"menu_order":0,"comment_status":"closed","ping_status":"closed","template":"","meta":{"footnotes":""},"class_list":["post-252","page","type-page","status-publish","hentry"],"_links":{"self":[{"href":"https:\/\/karnasen.nu\/index.php?rest_route=\/wp\/v2\/pages\/252","targetHints":{"allow":["GET"]}}],"collection":[{"href":"https:\/\/karnasen.nu\/index.php?rest_route=\/wp\/v2\/pages"}],"about":[{"href":"https:\/\/karnasen.nu\/index.php?rest_route=\/wp\/v2\/types\/page"}],"author":[{"embeddable":true,"href":"https:\/\/karnasen.nu\/index.php?rest_route=\/wp\/v2\/users\/1"}],"replies":[{"embeddable":true,"href":"https:\/\/karnasen.nu\/index.php?rest_route=%2Fwp%2Fv2%2Fcomments&post=252"}],"version-history":[{"count":3,"href":"https:\/\/karnasen.nu\/index.php?rest_route=\/wp\/v2\/pages\/252\/revisions"}],"predecessor-version":[{"id":259,"href":"https:\/\/karnasen.nu\/index.php?rest_route=\/wp\/v2\/pages\/252\/revisions\/259"}],"wp:attachment":[{"href":"https:\/\/karnasen.nu\/index.php?rest_route=%2Fwp%2Fv2%2Fmedia&parent=252"}],"curies":[{"name":"wp","href":"https:\/\/api.w.org\/{rel}","templated":true}]}}