{"id":195,"date":"2020-04-03T23:07:07","date_gmt":"2020-04-03T21:07:07","guid":{"rendered":"http:\/\/ny.karnasen.nu\/?page_id=195"},"modified":"2020-04-04T12:34:01","modified_gmt":"2020-04-04T10:34:01","slug":"klar-halja","status":"publish","type":"page","link":"https:\/\/karnasen.nu\/?page_id=195","title":{"rendered":"Klar-H\u00e4lja &#8211; historia"},"content":{"rendered":"<p><img loading=\"lazy\" decoding=\"async\" class=\"wp-image-196 size-full\" src=\"http:\/\/media1.karnasen.nu\/2020\/04\/Logo_stor.jpg\" alt=\"\" width=\"500\" height=\"323\" srcset=\"https:\/\/karnasen.nu\/wp-content\/uploads\/2020\/04\/Logo_stor.jpg 500w, https:\/\/karnasen.nu\/wp-content\/uploads\/2020\/04\/Logo_stor-300x194.jpg 300w\" sizes=\"auto, (max-width: 500px) 100vw, 500px\" \/><\/p>\n<p><strong><span class=\"style9\">Klar-H\u00e4lja &#8211; historia <\/span><\/strong><\/p>\n<p><span class=\"style8\">1969 sammanstr\u00e5lade d\u00e5varande ordf\u00f6randen i hembygdsf\u00f6reningen \u00c5ke Nyberg med TV-producenten Allan Schulman. Allan s\u00e5g direkt vilka fina m\u00f6jligheter f\u00f6r ett bygdespel som finns p\u00e5 K\u00e4rn\u00e5sen. Han kontaktade i sin tur Gunde Johansson som skrev &#8221;\u00c4lvdalssagan&#8221; och sommaren 1970 var det premi\u00e4r. &#8221;\u00c4lvdalssagan&#8221; har d\u00e4refter framf\u00f6rts i l\u00e5ngt \u00f6ver 100 f\u00f6rest\u00e4llningar. Spelet speglar delar av bygdens historia.<\/span><\/p>\n<p>Det hela var lyckat och n\u00e4sta \u00e5r ville man ut\u00f6ka aktiviteterna f\u00f6r att kunna visa hur m\u00e4nniskorna levde i Klar\u00e4lvdalen f\u00f6r 100 \u00e5r sedan.<\/p>\n<p>En nio dagars festvecka startades och fick namnet Klar-H\u00e4lja. F\u00f6rstavelsen Klar- kommer av Klar\u00e4lven och H\u00e4lja betyder helt enkelt helgen. Under Klar-H\u00e4lja vill vi visa hur m\u00e4nniskorna levde i Klar\u00e4lvdalen i slutet av 1800-talet. H\u00e4r finns en levande s\u00e4tervall med kor och s\u00e4terkulla under n\u00e5gra sommarveckor. Klar-H\u00e4lja har allt efter som \u00e5ren g\u00e5tt funnit en form som vi tycker passar bra. Naturligtvis kommer n\u00e5gra nyheter och f\u00f6r\u00e4ndringar varje \u00e5r men omr\u00e5det m\u00e5ste utvecklas med varsamhet s\u00e5 inte milj\u00f6n skadas.<\/p>\n","protected":false},"excerpt":{"rendered":"<p>Klar-H\u00e4lja &#8211; historia 1969 sammanstr\u00e5lade d\u00e5varande ordf\u00f6randen i hembygdsf\u00f6reningen \u00c5ke Nyberg med TV-producenten Allan Schulman. Allan s\u00e5g direkt vilka fina m\u00f6jligheter f\u00f6r ett bygdespel som finns p\u00e5 K\u00e4rn\u00e5sen. Han kontaktade i sin tur Gunde Johansson som skrev &#8221;\u00c4lvdalssagan&#8221; och sommaren 1970 var det premi\u00e4r. &#8221;\u00c4lvdalssagan&#8221; har d\u00e4refter framf\u00f6rts i l\u00e5ngt \u00f6ver 100 f\u00f6rest\u00e4llningar. Spelet speglar [&hellip;]<\/p>\n","protected":false},"author":1,"featured_media":0,"parent":0,"menu_order":0,"comment_status":"closed","ping_status":"closed","template":"","meta":{"footnotes":""},"class_list":["post-195","page","type-page","status-publish","hentry"],"_links":{"self":[{"href":"https:\/\/karnasen.nu\/index.php?rest_route=\/wp\/v2\/pages\/195","targetHints":{"allow":["GET"]}}],"collection":[{"href":"https:\/\/karnasen.nu\/index.php?rest_route=\/wp\/v2\/pages"}],"about":[{"href":"https:\/\/karnasen.nu\/index.php?rest_route=\/wp\/v2\/types\/page"}],"author":[{"embeddable":true,"href":"https:\/\/karnasen.nu\/index.php?rest_route=\/wp\/v2\/users\/1"}],"replies":[{"embeddable":true,"href":"https:\/\/karnasen.nu\/index.php?rest_route=%2Fwp%2Fv2%2Fcomments&post=195"}],"version-history":[{"count":3,"href":"https:\/\/karnasen.nu\/index.php?rest_route=\/wp\/v2\/pages\/195\/revisions"}],"predecessor-version":[{"id":202,"href":"https:\/\/karnasen.nu\/index.php?rest_route=\/wp\/v2\/pages\/195\/revisions\/202"}],"wp:attachment":[{"href":"https:\/\/karnasen.nu\/index.php?rest_route=%2Fwp%2Fv2%2Fmedia&parent=195"}],"curies":[{"name":"wp","href":"https:\/\/api.w.org\/{rel}","templated":true}]}}