{"id":166,"date":"2020-04-03T20:08:35","date_gmt":"2020-04-03T18:08:35","guid":{"rendered":"http:\/\/ny.karnasen.nu\/?page_id=166"},"modified":"2023-03-27T19:17:17","modified_gmt":"2023-03-27T17:17:17","slug":"bli-medlem","status":"publish","type":"page","link":"https:\/\/karnasen.nu\/?page_id=166","title":{"rendered":"Bli medlem"},"content":{"rendered":"<p><img loading=\"lazy\" decoding=\"async\" class=\"alignnone wp-image-170 size-full\" src=\"http:\/\/media1.karnasen.nu\/2020\/04\/logo_sv_text.jpg\" alt=\"\" width=\"526\" height=\"357\" srcset=\"https:\/\/karnasen.nu\/wp-content\/uploads\/2020\/04\/logo_sv_text.jpg 526w, https:\/\/karnasen.nu\/wp-content\/uploads\/2020\/04\/logo_sv_text-300x204.jpg 300w\" sizes=\"auto, (max-width: 526px) 100vw, 526px\" \/><\/p>\n<p><span class=\"style8\">Som medlem i hembygdsf\u00f6reningen st\u00f6djer du verksamheten i din hembygd. Om vi<br \/>\nblir fler medlemmar \u00f6kar m\u00f6jligheten att utveckla v\u00e5r verksamhet.<\/span><\/p>\n<p class=\"style8\">Bli medlem nu!<\/p>\n<p class=\"style8\">S\u00e4tt in pengar p\u00e5 PlusGirokonto 64 86 44-3<br \/>\neller swisha till 123 305 43 92<\/p>\n<p>Medlemsavgiften \u00e4r 150:-\/\u00e5r.<br \/>\nGl\u00f6m ej skriva namn och adress!<\/p>\n","protected":false},"excerpt":{"rendered":"<p>Som medlem i hembygdsf\u00f6reningen st\u00f6djer du verksamheten i din hembygd. Om vi blir fler medlemmar \u00f6kar m\u00f6jligheten att utveckla v\u00e5r verksamhet. Bli medlem nu! S\u00e4tt in pengar p\u00e5 PlusGirokonto 64 86 44-3 eller swisha till 123 305 43 92 Medlemsavgiften \u00e4r 150:-\/\u00e5r. Gl\u00f6m ej skriva namn och adress!<\/p>\n","protected":false},"author":1,"featured_media":0,"parent":0,"menu_order":0,"comment_status":"closed","ping_status":"closed","template":"","meta":{"footnotes":""},"class_list":["post-166","page","type-page","status-publish","hentry"],"_links":{"self":[{"href":"https:\/\/karnasen.nu\/index.php?rest_route=\/wp\/v2\/pages\/166","targetHints":{"allow":["GET"]}}],"collection":[{"href":"https:\/\/karnasen.nu\/index.php?rest_route=\/wp\/v2\/pages"}],"about":[{"href":"https:\/\/karnasen.nu\/index.php?rest_route=\/wp\/v2\/types\/page"}],"author":[{"embeddable":true,"href":"https:\/\/karnasen.nu\/index.php?rest_route=\/wp\/v2\/users\/1"}],"replies":[{"embeddable":true,"href":"https:\/\/karnasen.nu\/index.php?rest_route=%2Fwp%2Fv2%2Fcomments&post=166"}],"version-history":[{"count":4,"href":"https:\/\/karnasen.nu\/index.php?rest_route=\/wp\/v2\/pages\/166\/revisions"}],"predecessor-version":[{"id":470,"href":"https:\/\/karnasen.nu\/index.php?rest_route=\/wp\/v2\/pages\/166\/revisions\/470"}],"wp:attachment":[{"href":"https:\/\/karnasen.nu\/index.php?rest_route=%2Fwp%2Fv2%2Fmedia&parent=166"}],"curies":[{"name":"wp","href":"https:\/\/api.w.org\/{rel}","templated":true}]}}