{"id":120,"date":"2020-04-01T16:28:11","date_gmt":"2020-04-01T14:28:11","guid":{"rendered":"http:\/\/ny.karnasen.nu\/?page_id=120"},"modified":"2020-04-02T10:00:23","modified_gmt":"2020-04-02T08:00:23","slug":"vagbeskrivning","status":"publish","type":"page","link":"https:\/\/karnasen.nu\/?page_id=120","title":{"rendered":"V\u00e4gbeskrivning"},"content":{"rendered":"<p><img loading=\"lazy\" decoding=\"async\" class=\"alignnone wp-image-134\" src=\"http:\/\/media1.karnasen.nu\/2020\/04\/Karta.jpg\" alt=\"\" width=\"443\" height=\"600\" srcset=\"https:\/\/karnasen.nu\/wp-content\/uploads\/2020\/04\/Karta.jpg 591w, https:\/\/karnasen.nu\/wp-content\/uploads\/2020\/04\/Karta-222x300.jpg 222w\" sizes=\"auto, (max-width: 443px) 100vw, 443px\" \/><\/p>\n<p>\u00c5k till Myra p\u00e5 riksv\u00e4g 62, mellan Karlstad och Trysil. Myra ligger ca 2 mil norr om<br \/>\nMunkfors och ca 5 km s\u00f6der om R\u00e5da. Sv\u00e4ng v\u00e4sterut mot Lysvik och f\u00f6lj sedan skyltarna.<\/p>\n<p>GPS-koordinater: Latitud 59.99806 Longitud 13.56469<\/p>\n","protected":false},"excerpt":{"rendered":"<p>\u00c5k till Myra p\u00e5 riksv\u00e4g 62, mellan Karlstad och Trysil. Myra ligger ca 2 mil norr om Munkfors och ca 5 km s\u00f6der om R\u00e5da. Sv\u00e4ng v\u00e4sterut mot Lysvik och f\u00f6lj sedan skyltarna. GPS-koordinater: Latitud 59.99806 Longitud 13.56469<\/p>\n","protected":false},"author":1,"featured_media":0,"parent":0,"menu_order":0,"comment_status":"closed","ping_status":"closed","template":"","meta":{"footnotes":""},"class_list":["post-120","page","type-page","status-publish","hentry"],"_links":{"self":[{"href":"https:\/\/karnasen.nu\/index.php?rest_route=\/wp\/v2\/pages\/120","targetHints":{"allow":["GET"]}}],"collection":[{"href":"https:\/\/karnasen.nu\/index.php?rest_route=\/wp\/v2\/pages"}],"about":[{"href":"https:\/\/karnasen.nu\/index.php?rest_route=\/wp\/v2\/types\/page"}],"author":[{"embeddable":true,"href":"https:\/\/karnasen.nu\/index.php?rest_route=\/wp\/v2\/users\/1"}],"replies":[{"embeddable":true,"href":"https:\/\/karnasen.nu\/index.php?rest_route=%2Fwp%2Fv2%2Fcomments&post=120"}],"version-history":[{"count":11,"href":"https:\/\/karnasen.nu\/index.php?rest_route=\/wp\/v2\/pages\/120\/revisions"}],"predecessor-version":[{"id":154,"href":"https:\/\/karnasen.nu\/index.php?rest_route=\/wp\/v2\/pages\/120\/revisions\/154"}],"wp:attachment":[{"href":"https:\/\/karnasen.nu\/index.php?rest_route=%2Fwp%2Fv2%2Fmedia&parent=120"}],"curies":[{"name":"wp","href":"https:\/\/api.w.org\/{rel}","templated":true}]}}